{"id":205,"date":"2022-01-10T11:33:27","date_gmt":"2022-01-10T10:33:27","guid":{"rendered":"https:\/\/www.fuckhead.at\/?page_id=205"},"modified":"2026-02-20T18:07:49","modified_gmt":"2026-02-20T17:07:49","slug":"205-2","status":"publish","type":"page","link":"https:\/\/www.fuckhead.at\/","title":{"rendered":"FUCKHEAd and Friends"},"content":{"rendered":"\n<p>coming soon :<\/p>\n\n\n\n<h1 class=\"wp-block-heading has-text-align-center\">Science and sanity<\/h1>\n\n\n<div class=\"wp-block-image\">\n<figure class=\"aligncenter size-full\"><img loading=\"lazy\" decoding=\"async\" width=\"733\" height=\"755\" src=\"https:\/\/www.fuckhead.at\/wp-content\/uploads\/2026\/02\/sscbadge_.png\" alt=\"\" class=\"wp-image-332\" srcset=\"https:\/\/www.fuckhead.at\/wp-content\/uploads\/2026\/02\/sscbadge_.png 733w, https:\/\/www.fuckhead.at\/wp-content\/uploads\/2026\/02\/sscbadge_-291x300.png 291w\" sizes=\"auto, (max-width: 733px) 100vw, 733px\" \/><\/figure>\n<\/div>\n\n\n<p>Es herrscht weiterhin gro\u00dfe Unruhe unter dem Himmel. Eine Minderheit von kretinesken Autokraten, Oligarchen und verkr\u00fcppelten transhumanen Tech Bros regiert verfeindete Kleinstaaten.<\/p>\n\n\n\n<p>Der allj\u00e4hrliche Kongress dauert den 5. Tag. Tagungsort ist der Speisesaal einer lokalen Temu-Vertriebszentrale.<\/p>\n\n\n\n<p><br>Zwangsverpflichtete Ja-Sager in Shein Fetzen d\u00f6sen in den Sitzreihen. Glotzen auf ihre Handhelds, um auf Kommando aufzuspringen und jubelnd zu kreischen oder bizarre Gruppent\u00e4nze vor dem Podium aufzuf\u00fchren. Dort verharren die Vorsitzenden in Rollst\u00fchlen oder Exoskeletten. Furz- und R\u00f6chelger\u00e4usche. Die Mitglieder des Systems zittern mit ihren H\u00f6r-, Geh-, Sprech- und Schei\u00dfprothesen. Sauerstofftanks, Herzschrittmacher, Defibrillatoren sirren. Im Hintergrund posten die Bots wirre Botschaften in Peter Thiels Hallow App.. Jener d\u00e4mmert im k\u00fcnstlichen K\u00e4lteschlaf.<\/p>\n\n\n\n<p class=\"has-text-align-right\">\u201eIhr m\u00fc\u00dft das ABC noch lernen.<br>Das ABC hei\u00dft: Man wird mit euch fertig werden.\u201c <br>&#8230;ihr braucht das abc gar nicht erst zu lernen, man ist mit euch l\u00e4ngst fertig geworden..<\/p>\n\n\n\n<p>Das Kongressbankett ist Billigfra\u00df. Graupen in Pappbechern. Dazu Fusel und d\u00fcnnes Bier, serviert von Kellnerinnen auf Rollschuhen. Abgetakelte Doppelga\u0308nger haben ihre leibhaftigen oder virtuellen Auftritte. Peinliche Moderatoren, schmutzige Witze, Lu\u0308gen. bizarre Showeinlagen: ein verwesender Tanzba\u0308r, der Tolstoj und Tschechov aufsagt, ein fluchender Jongleur, Scharlatane und Dilettant*innen en masse, Minstrels, Kossaken, Andenfudler, singende Pudel, Operetten und Schlagercombo.<\/p>\n\n\n\n<p class=\"has-text-align-right\"><\/p>\n\n\n<div class=\"wp-block-image\">\n<figure class=\"aligncenter size-large\"><img loading=\"lazy\" decoding=\"async\" width=\"724\" height=\"1024\" src=\"https:\/\/www.fuckhead.at\/wp-content\/uploads\/2026\/02\/itinerary_-724x1024.jpg\" alt=\"\" class=\"wp-image-348\" srcset=\"https:\/\/www.fuckhead.at\/wp-content\/uploads\/2026\/02\/itinerary_-724x1024.jpg 724w, https:\/\/www.fuckhead.at\/wp-content\/uploads\/2026\/02\/itinerary_-212x300.jpg 212w, https:\/\/www.fuckhead.at\/wp-content\/uploads\/2026\/02\/itinerary_-768x1086.jpg 768w, https:\/\/www.fuckhead.at\/wp-content\/uploads\/2026\/02\/itinerary_-1086x1536.jpg 1086w, https:\/\/www.fuckhead.at\/wp-content\/uploads\/2026\/02\/itinerary_-1448x2048.jpg 1448w, https:\/\/www.fuckhead.at\/wp-content\/uploads\/2026\/02\/itinerary_-scaled.jpg 1810w\" sizes=\"auto, (max-width: 724px) 100vw, 724px\" \/><\/figure>\n<\/div>\n\n\n<p>Irgendwann \u00fcbernimmt der K\u00f6rper die Arbeit, die das Gehirn nicht mehr leisten kann. Gabber, Breakbeats, Hard Style und sonstiger Schei\u00df. F\u00fcr die zarten Gem\u00fcter im Hof der Schlagerautomat. Es ist aus, aber noch nicht vorbei.<\/p>\n\n\n\n<h5 class=\"wp-block-heading has-text-align-center\">Literatur &amp; Links<\/h5>\n\n\n\n<div class=\"wp-block-columns is-layout-flex wp-container-core-columns-is-layout-9d6595d7 wp-block-columns-is-layout-flex\">\n<div class=\"wp-block-column is-layout-flow wp-block-column-is-layout-flow\"><\/div>\n\n\n\n<div class=\"wp-block-column is-layout-flow wp-block-column-is-layout-flow\"><\/div>\n\n\n\n<div class=\"wp-block-column is-layout-flow wp-block-column-is-layout-flow\"><\/div>\n<\/div>\n\n\n\n<div class=\"wp-block-columns is-layout-flex wp-container-core-columns-is-layout-9d6595d7 wp-block-columns-is-layout-flex\">\n<div class=\"wp-block-column is-layout-flow wp-block-column-is-layout-flow\">\n<details class=\"wp-block-details is-layout-flow wp-block-details-is-layout-flow\"><summary>Benjamin Labatud<\/summary>\n<p>\u201cDas blinde Licht\u201d, &#8220;Maniac&#8221;<\/p>\n<\/details>\n<\/div>\n\n\n\n<div class=\"wp-block-column is-layout-flow wp-block-column-is-layout-flow\">\n<details class=\"wp-block-details is-layout-flow wp-block-details-is-layout-flow\"><summary>Sheila Jasanoff<\/summary>\n<p>\u201cThe Ethics of Invention &#8211;<br>Technology and the Human Future\u201d<\/p>\n<\/details>\n<\/div>\n<\/div>\n\n\n\n<div class=\"wp-block-columns is-layout-flex wp-container-core-columns-is-layout-9d6595d7 wp-block-columns-is-layout-flex\">\n<div class=\"wp-block-column is-layout-flow wp-block-column-is-layout-flow\">\n<details class=\"wp-block-details is-layout-flow wp-block-details-is-layout-flow\"><summary>Robert Jungk<\/summary>\n<p>\u201cHeller als tausend Sonnen\u201d<\/p>\n<\/details>\n<\/div>\n\n\n\n<div class=\"wp-block-column is-layout-flow wp-block-column-is-layout-flow\">\n<details class=\"wp-block-details is-layout-flow wp-block-details-is-layout-flow\"><summary>Octavia Butler<\/summary>\n<p>\u201cThe Evening and the Morning and the Night\u201d<\/p>\n<\/details>\n<\/div>\n<\/div>\n\n\n\n<div class=\"wp-block-columns is-layout-flex wp-container-core-columns-is-layout-9d6595d7 wp-block-columns-is-layout-flex\">\n<div class=\"wp-block-column is-layout-flow wp-block-column-is-layout-flow\">\n<details class=\"wp-block-details is-layout-flow wp-block-details-is-layout-flow\"><summary>Karen Hao<\/summary>\n<p>\u201cEmpire of AI\u201d<\/p>\n<\/details>\n<\/div>\n\n\n\n<div class=\"wp-block-column is-layout-flow wp-block-column-is-layout-flow\">\n<details class=\"wp-block-details is-layout-flow wp-block-details-is-layout-flow\"><summary>Eliezer Yudkowsky and Nate Soares<\/summary>\n<p>\u201cIf Anyone Builds It, Everyone Dies\u201d<\/p>\n<\/details>\n<\/div>\n<\/div>\n\n\n\n<div class=\"wp-block-columns is-layout-flex wp-container-core-columns-is-layout-9d6595d7 wp-block-columns-is-layout-flex\">\n<div class=\"wp-block-column is-layout-flow wp-block-column-is-layout-flow\">\n<details class=\"wp-block-details is-layout-flow wp-block-details-is-layout-flow\"><summary>Elias Hirschl<\/summary>\n<p>\u201cSchleifen\u201d<\/p>\n<\/details>\n<\/div>\n\n\n\n<div class=\"wp-block-column is-layout-flow wp-block-column-is-layout-flow\">\n<details class=\"wp-block-details is-layout-flow wp-block-details-is-layout-flow\"><summary>Juli Zeh<\/summary>\n<p>\u201cCorpus Delicti\u201d<\/p>\n<\/details>\n<\/div>\n<\/div>\n\n\n\n<div class=\"wp-block-columns is-layout-flex wp-container-core-columns-is-layout-9d6595d7 wp-block-columns-is-layout-flex\">\n<div class=\"wp-block-column is-layout-flow wp-block-column-is-layout-flow\">\n<details class=\"wp-block-details is-layout-flow wp-block-details-is-layout-flow\"><summary>Alexander Grothendieck<\/summary>\n<p>\u201cHarvest and Sowing\u201d<\/p>\n<\/details>\n<\/div>\n\n\n\n<div class=\"wp-block-column is-layout-flow wp-block-column-is-layout-flow\">\n<details class=\"wp-block-details is-layout-flow wp-block-details-is-layout-flow\"><summary>Cormac McCarthy<\/summary>\n<p>\u201cThe Passanger\u201d<\/p>\n<\/details>\n<\/div>\n<\/div>\n\n\n\n<div class=\"wp-block-columns is-layout-flex wp-container-core-columns-is-layout-9d6595d7 wp-block-columns-is-layout-flex\">\n<div class=\"wp-block-column is-layout-flow wp-block-column-is-layout-flow\">\n<details class=\"wp-block-details is-layout-flow wp-block-details-is-layout-flow\"><summary>Alison Kafer<\/summary>\n<p>&#8220;Feminist, Queer, Crip\u201d<\/p>\n<\/details>\n<\/div>\n\n\n\n<div class=\"wp-block-column is-layout-flow wp-block-column-is-layout-flow\">\n<details class=\"wp-block-details is-layout-flow wp-block-details-is-layout-flow\"><summary>Stephen Budiansky<\/summary>\n<p>\u201cReise zu den Grenzen der Vernunft\u201d<\/p>\n<\/details>\n<\/div>\n<\/div>\n\n\n\n<div class=\"wp-block-columns is-layout-flex wp-container-core-columns-is-layout-9d6595d7 wp-block-columns-is-layout-flex\">\n<div class=\"wp-block-column is-layout-flow wp-block-column-is-layout-flow\">\n<details class=\"wp-block-details is-layout-flow wp-block-details-is-layout-flow\"><summary>Leah Lakshmi Piepzna-Samarasinha<\/summary>\n<p>\u201cCare Work\u201d<\/p>\n<\/details>\n<\/div>\n\n\n\n<div class=\"wp-block-column is-layout-flow wp-block-column-is-layout-flow\">\n<details class=\"wp-block-details is-layout-flow wp-block-details-is-layout-flow\"><summary>Alfred Korzybski<\/summary>\n<p>\u201cScience and Sanity\u201d<\/p>\n<\/details>\n<\/div>\n<\/div>\n\n\n<div class=\"wp-block-image\">\n<figure class=\"aligncenter size-large\"><img loading=\"lazy\" decoding=\"async\" width=\"724\" height=\"1024\" src=\"https:\/\/www.fuckhead.at\/wp-content\/uploads\/2026\/02\/ssc_plakat_-724x1024.jpg\" alt=\"\" class=\"wp-image-343\" srcset=\"https:\/\/www.fuckhead.at\/wp-content\/uploads\/2026\/02\/ssc_plakat_-724x1024.jpg 724w, https:\/\/www.fuckhead.at\/wp-content\/uploads\/2026\/02\/ssc_plakat_-212x300.jpg 212w, https:\/\/www.fuckhead.at\/wp-content\/uploads\/2026\/02\/ssc_plakat_-768x1086.jpg 768w, https:\/\/www.fuckhead.at\/wp-content\/uploads\/2026\/02\/ssc_plakat_-1086x1536.jpg 1086w, https:\/\/www.fuckhead.at\/wp-content\/uploads\/2026\/02\/ssc_plakat_-1448x2048.jpg 1448w, https:\/\/www.fuckhead.at\/wp-content\/uploads\/2026\/02\/ssc_plakat_-scaled.jpg 1810w\" sizes=\"auto, (max-width: 724px) 100vw, 724px\" \/><\/figure>\n<\/div>\n\n\n<div class=\"wp-block-columns is-layout-flex wp-container-core-columns-is-layout-9d6595d7 wp-block-columns-is-layout-flex\">\n<div class=\"wp-block-column is-layout-flow wp-block-column-is-layout-flow\"><\/div>\n\n\n\n<div class=\"wp-block-column is-layout-flow wp-block-column-is-layout-flow\"><\/div>\n<\/div>\n","protected":false},"excerpt":{"rendered":"<p>coming soon : Science and sanity Es herrscht weiterhin gro\u00dfe Unruhe unter dem Himmel. Eine Minderheit von kretinesken Autokraten, Oligarchen und verkr\u00fcppelten transhumanen Tech Bros regiert verfeindete Kleinstaaten. Der allj\u00e4hrliche Kongress dauert den 5. Tag. Tagungsort ist der Speisesaal einer lokalen Temu-Vertriebszentrale. Zwangsverpflichtete Ja-Sager in Shein Fetzen d\u00f6sen in den Sitzreihen. Glotzen auf ihre Handhelds, &hellip; <\/p>\n<p class=\"link-more\"><a href=\"https:\/\/www.fuckhead.at\/\" class=\"more-link\">Continue reading<span class=\"screen-reader-text\"> &#8220;FUCKHEAd and Friends&#8221;<\/span><\/a><\/p>\n","protected":false},"author":1,"featured_media":0,"parent":0,"menu_order":0,"comment_status":"closed","ping_status":"closed","template":"","meta":{"footnotes":""},"class_list":["post-205","page","type-page","status-publish","hentry"],"_links":{"self":[{"href":"https:\/\/www.fuckhead.at\/index.php\/wp-json\/wp\/v2\/pages\/205","targetHints":{"allow":["GET"]}}],"collection":[{"href":"https:\/\/www.fuckhead.at\/index.php\/wp-json\/wp\/v2\/pages"}],"about":[{"href":"https:\/\/www.fuckhead.at\/index.php\/wp-json\/wp\/v2\/types\/page"}],"author":[{"embeddable":true,"href":"https:\/\/www.fuckhead.at\/index.php\/wp-json\/wp\/v2\/users\/1"}],"replies":[{"embeddable":true,"href":"https:\/\/www.fuckhead.at\/index.php\/wp-json\/wp\/v2\/comments?post=205"}],"version-history":[{"count":30,"href":"https:\/\/www.fuckhead.at\/index.php\/wp-json\/wp\/v2\/pages\/205\/revisions"}],"predecessor-version":[{"id":355,"href":"https:\/\/www.fuckhead.at\/index.php\/wp-json\/wp\/v2\/pages\/205\/revisions\/355"}],"wp:attachment":[{"href":"https:\/\/www.fuckhead.at\/index.php\/wp-json\/wp\/v2\/media?parent=205"}],"curies":[{"name":"wp","href":"https:\/\/api.w.org\/{rel}","templated":true}]}}